{"id":2,"date":"2019-09-21T12:01:52","date_gmt":"2019-09-21T12:01:52","guid":{"rendered":"http:\/\/ecovidainstalacions.es\/?page_id=2"},"modified":"2024-03-12T12:15:43","modified_gmt":"2024-03-12T12:15:43","slug":"faq","status":"publish","type":"page","link":"https:\/\/ecovidainstalacions.es\/gl\/faq\/","title":{"rendered":"Sample Page"},"content":{"rendered":"\r\n<p><style type=\"text\/css\">.fusion-faqs-wrapper #accordian-1 .fusion-panel { border-color:#eae8e8; }.fusion-faqs-wrapper #accordian-1 .fusion-panel:hover{ border-color: #eae8e8; }.fusion-accordian #accordian-1 .panel-title a .fa-fusion-box:before{ font-size: 13px;width: 13px;}.fusion-accordian #accordian-1 .panel-title a .fa-fusion-box{ color: #ffffff;}.fusion-accordian  #accordian-1 .panel-title a{font-family:\"Raleway\";font-style:normal;font-weight:400;}.fusion-accordian  #accordian-1 .panel-title a:not(:hover){}.fusion-accordian  #accordian-1 .toggle-content{font-family:\"Raleway\";font-style:normal;font-weight:500;}.fusion-accordian #accordian-1 .fa-fusion-box { background-color: #333333 !important;border-color: #333333 !important;}.fusion-accordian #accordian-1 .panel-title a:hover,.fusion-accordian #accordian-1 .panel-title a.hover { color: #e10707;}.fusion-faq-shortcode .fusion-accordian #accordian-1 .fusion-toggle-boxed-mode:hover .panel-title a { color: #e10707;}.fusion-accordian #accordian-1 .panel-title .active .fa-fusion-box,.fusion-accordian #accordian-1 .panel-title a:hover .fa-fusion-box,.fusion-accordian #accordian-1 .panel-title a.hover .fa-fusion-box { background-color: #e10707!important;border-color: #e10707!important;}<\/style><div class=\"fusion-faq-shortcode\" style=\"\"><ul role=\"menu\" class=\"fusion-filters clearfix\"><li role=\"presentation\" class=\"fusion-filter fusion-filter-all fusion-active\"><a role=\"menuitem\" data-filter=\"*\" href=\"#\">All<\/a><\/li><li role=\"presentation\" class=\"fusion-filter fusion-hidden\"><a role=\"menuitem\" data-filter=\".subvencions\" href=\"#\">Subvenci\u00f3ns<\/a><\/li><\/ul><div class=\"fusion-faqs-wrapper\"><div class=\"accordian fusion-accordian\"><div class=\"panel-group \" id=\"accordian-1\"><div class=\"fusion-panel panel-default fusion-faq-post fusion-faq-post-1924 subvencions \"><span class=\"entry-title rich-snippet-hidden\">\u00bfQu\u00e9 requisitos necesito para optar a una subvenci\u00f3n?<\/span><span class=\"vcard rich-snippet-hidden\"><span class=\"fn\"><a href=\"https:\/\/ecovidainstalacions.es\/gl\/author\/ecovidaadmin\/\" title=\"Artigos de ecovidaadmin\" rel=\"author\">ecovidaadmin<\/a><\/span><\/span><span class=\"updated rich-snippet-hidden\">2024-03-12T12:08:25+00:00<\/span><div class=\"panel-heading\"><h4 id=\"faq_1-1924\" class=\"panel-title toggle\"><a data-toggle=\"collapse\" class=\"collapsed\" data-parent=\"#accordian-1\" data-target=\"#collapse-1-1924\" href=\"#collapse-1-1924\" aria-expanded=\"false\"><div class=\"fusion-toggle-icon-wrapper\"><div class=\"fusion-toggle-icon-wrapper-main\"><div class=\"fusion-toggle-icon-wrapper-sub\"><i class=\"fa-fusion-box active-icon awb-icon-minus\" aria-hidden=\"true\"><\/i><i class=\"fa-fusion-box inactive-icon awb-icon-plus\" aria-hidden=\"true\"><\/i><\/div><\/div><\/div><div class=\"fusion-toggle-heading\">\u00bfQu\u00e9 requisitos necesito para optar a una subvenci\u00f3n?<\/div><\/a><\/h4><\/div><div id=\"collapse-1-1924\" aria-labelledby=\"faq_1-1924\" class=\"panel-collapse collapse\"><div class=\"panel-body toggle-content post-content\">Depende del tipo de subvenci\u00f3n. Normalmente no es necesario ning\u00fan tipo de requisito especial. En cualquier caso, si nos da informaci\u00f3n de su caso particular, le podremos asesorar, de cuales son su opciones.<\/div><\/div><\/div><\/div><\/div><\/div><\/div>This is an example page. It&#8217;s different from a blog post because it will stay in one place and will show up in your site navigation (in most themes). Most people start with an About page that introduces them to potential site visitors. It might say something like this:<\/p>\r\n\r\n\r\n\r\n<blockquote class=\"wp-block-quote is-layout-flow wp-block-quote-is-layout-flow\">\r\n<p>Hi there! I&#8217;m a bike messenger by day, aspiring actor by night, and this is my website. I live in Los Angeles, have a great dog named Jack, and I like pi\u00f1a coladas. (And gettin&#8217; caught in the rain.)<\/p>\r\n<\/blockquote>\r\n\r\n\r\n\r\n<p>&#8230;or something like this:<\/p>\r\n\r\n\r\n\r\n<blockquote class=\"wp-block-quote is-layout-flow wp-block-quote-is-layout-flow\">\r\n<p>The XYZ Doohickey Company was founded in 1971, and has been providing quality doohickeys to the public ever since. Located in Gotham City, XYZ employs over 2,000 people and does all kinds of awesome things for the Gotham community.<\/p>\r\n<\/blockquote>\r\n\r\n\r\n\r\n<p>As a new WordPress user, you should go to <a href=\"http:\/\/ecovidainstalacions.es\/wp-admin\/\">your dashboard<\/a> to delete this page and create new pages for your content. Have fun!<\/p>\r\n<p>&nbsp;<\/p>\r\n<div class=\"fusion-layout-column fusion_builder_column fusion-builder-column-0 fusion_builder_column_1_1 1_1 fusion-flex-column\" style=\"--awb-bg-size:cover;--awb-width-large:100%;--awb-margin-top-large:0px;--awb-margin-bottom-large:0px;--awb-width-medium:100%;--awb-order-medium:0;--awb-width-small:100%;--awb-order-small:0;\"><div class=\"fusion-column-wrapper fusion-column-has-shadow fusion-flex-justify-content-flex-start fusion-content-layout-column\"><\/div><\/div>\r\n","protected":false},"excerpt":{"rendered":"<p>This is an example page. It&#8217;s different from a blog post because it will stay in one place and will show up in your site navigation (in most themes). Most people start with an About page that introduces them to potential site visitors. It might say something like this: Hi there! I&#8217;m a bike messenger<\/p>\n","protected":false},"author":1,"featured_media":0,"parent":0,"menu_order":0,"comment_status":"closed","ping_status":"open","template":"","meta":{"footnotes":""},"class_list":["post-2","page","type-page","status-publish","hentry"],"yoast_head":"<!-- This site is optimized with the Yoast SEO plugin v27.3 - https:\/\/yoast.com\/product\/yoast-seo-wordpress\/ -->\n<title>Sample Page - Ecovida Instalaci\u00f3ns<\/title>\n<meta name=\"robots\" content=\"index, follow, max-snippet:-1, max-image-preview:large, max-video-preview:-1\" \/>\n<link rel=\"canonical\" href=\"https:\/\/ecovidainstalacions.es\/gl\/faq\/\" \/>\n<meta property=\"og:locale\" content=\"gl_ES\" \/>\n<meta property=\"og:type\" content=\"article\" \/>\n<meta property=\"og:title\" content=\"Sample Page - Ecovida Instalaci\u00f3ns\" \/>\n<meta property=\"og:description\" content=\"This is an example page. It&#8217;s different from a blog post because it will stay in one place and will show up in your site navigation (in most themes). Most people start with an About page that introduces them to potential site visitors. It might say something like this: Hi there! I&#8217;m a bike messenger\" \/>\n<meta property=\"og:url\" content=\"https:\/\/ecovidainstalacions.es\/gl\/faq\/\" \/>\n<meta property=\"og:site_name\" content=\"Ecovida Instalaci\u00f3ns\" \/>\n<meta property=\"article:publisher\" content=\"https:\/\/www.facebook.com\/profile.php?id=100064154315748\" \/>\n<meta property=\"article:modified_time\" content=\"2024-03-12T12:15:43+00:00\" \/>\n<meta name=\"twitter:card\" content=\"summary_large_image\" \/>\n<meta name=\"twitter:label1\" content=\"Tempo de lectura\" \/>\n\t<meta name=\"twitter:data1\" content=\"1 minuto\" \/>\n<script type=\"application\/ld+json\" class=\"yoast-schema-graph\">{\"@context\":\"https:\\\/\\\/schema.org\",\"@graph\":[{\"@type\":\"WebPage\",\"@id\":\"https:\\\/\\\/ecovidainstalacions.es\\\/gl\\\/faq\\\/\",\"url\":\"https:\\\/\\\/ecovidainstalacions.es\\\/gl\\\/faq\\\/\",\"name\":\"Sample Page - Ecovida Instalaci\u00f3ns\",\"isPartOf\":{\"@id\":\"https:\\\/\\\/ecovidainstalacions.es\\\/gl\\\/#website\"},\"datePublished\":\"2019-09-21T12:01:52+00:00\",\"dateModified\":\"2024-03-12T12:15:43+00:00\",\"breadcrumb\":{\"@id\":\"https:\\\/\\\/ecovidainstalacions.es\\\/gl\\\/faq\\\/#breadcrumb\"},\"inLanguage\":\"gl-ES\",\"potentialAction\":[{\"@type\":\"ReadAction\",\"target\":[\"https:\\\/\\\/ecovidainstalacions.es\\\/gl\\\/faq\\\/\"]}]},{\"@type\":\"BreadcrumbList\",\"@id\":\"https:\\\/\\\/ecovidainstalacions.es\\\/gl\\\/faq\\\/#breadcrumb\",\"itemListElement\":[{\"@type\":\"ListItem\",\"position\":1,\"name\":\"Portada\",\"item\":\"https:\\\/\\\/ecovidainstalacions.es\\\/gl\\\/\"},{\"@type\":\"ListItem\",\"position\":2,\"name\":\"Sample Page\"}]},{\"@type\":\"WebSite\",\"@id\":\"https:\\\/\\\/ecovidainstalacions.es\\\/gl\\\/#website\",\"url\":\"https:\\\/\\\/ecovidainstalacions.es\\\/gl\\\/\",\"name\":\"Ecovida Instalaci\u00f3ns\",\"description\":\"Calefacci\u00f3n, fontaner\u00eda, climatizaci\u00f3n, renovables\",\"publisher\":{\"@id\":\"https:\\\/\\\/ecovidainstalacions.es\\\/gl\\\/#organization\"},\"potentialAction\":[{\"@type\":\"SearchAction\",\"target\":{\"@type\":\"EntryPoint\",\"urlTemplate\":\"https:\\\/\\\/ecovidainstalacions.es\\\/gl\\\/?s={search_term_string}\"},\"query-input\":{\"@type\":\"PropertyValueSpecification\",\"valueRequired\":true,\"valueName\":\"search_term_string\"}}],\"inLanguage\":\"gl-ES\"},{\"@type\":\"Organization\",\"@id\":\"https:\\\/\\\/ecovidainstalacions.es\\\/gl\\\/#organization\",\"name\":\"Ecovida Instalaci\u00f3ns\",\"url\":\"https:\\\/\\\/ecovidainstalacions.es\\\/gl\\\/\",\"logo\":{\"@type\":\"ImageObject\",\"inLanguage\":\"gl-ES\",\"@id\":\"https:\\\/\\\/ecovidainstalacions.es\\\/gl\\\/#\\\/schema\\\/logo\\\/image\\\/\",\"url\":\"https:\\\/\\\/ecovidainstalacions.es\\\/wp-content\\\/uploads\\\/2024\\\/07\\\/Logo-ecovida-fondo-blanco.png\",\"contentUrl\":\"https:\\\/\\\/ecovidainstalacions.es\\\/wp-content\\\/uploads\\\/2024\\\/07\\\/Logo-ecovida-fondo-blanco.png\",\"width\":1500,\"height\":700,\"caption\":\"Ecovida Instalaci\u00f3ns\"},\"image\":{\"@id\":\"https:\\\/\\\/ecovidainstalacions.es\\\/gl\\\/#\\\/schema\\\/logo\\\/image\\\/\"},\"sameAs\":[\"https:\\\/\\\/www.facebook.com\\\/profile.php?id=100064154315748\"]}]}<\/script>\n<!-- \/ Yoast SEO plugin. -->","yoast_head_json":{"title":"Sample Page - Ecovida Instalaci\u00f3ns","robots":{"index":"index","follow":"follow","max-snippet":"max-snippet:-1","max-image-preview":"max-image-preview:large","max-video-preview":"max-video-preview:-1"},"canonical":"https:\/\/ecovidainstalacions.es\/gl\/faq\/","og_locale":"gl_ES","og_type":"article","og_title":"Sample Page - Ecovida Instalaci\u00f3ns","og_description":"This is an example page. It&#8217;s different from a blog post because it will stay in one place and will show up in your site navigation (in most themes). Most people start with an About page that introduces them to potential site visitors. It might say something like this: Hi there! I&#8217;m a bike messenger","og_url":"https:\/\/ecovidainstalacions.es\/gl\/faq\/","og_site_name":"Ecovida Instalaci\u00f3ns","article_publisher":"https:\/\/www.facebook.com\/profile.php?id=100064154315748","article_modified_time":"2024-03-12T12:15:43+00:00","twitter_card":"summary_large_image","twitter_misc":{"Tempo de lectura":"1 minuto"},"schema":{"@context":"https:\/\/schema.org","@graph":[{"@type":"WebPage","@id":"https:\/\/ecovidainstalacions.es\/gl\/faq\/","url":"https:\/\/ecovidainstalacions.es\/gl\/faq\/","name":"Sample Page - Ecovida Instalaci\u00f3ns","isPartOf":{"@id":"https:\/\/ecovidainstalacions.es\/gl\/#website"},"datePublished":"2019-09-21T12:01:52+00:00","dateModified":"2024-03-12T12:15:43+00:00","breadcrumb":{"@id":"https:\/\/ecovidainstalacions.es\/gl\/faq\/#breadcrumb"},"inLanguage":"gl-ES","potentialAction":[{"@type":"ReadAction","target":["https:\/\/ecovidainstalacions.es\/gl\/faq\/"]}]},{"@type":"BreadcrumbList","@id":"https:\/\/ecovidainstalacions.es\/gl\/faq\/#breadcrumb","itemListElement":[{"@type":"ListItem","position":1,"name":"Portada","item":"https:\/\/ecovidainstalacions.es\/gl\/"},{"@type":"ListItem","position":2,"name":"Sample Page"}]},{"@type":"WebSite","@id":"https:\/\/ecovidainstalacions.es\/gl\/#website","url":"https:\/\/ecovidainstalacions.es\/gl\/","name":"Ecovida Instalaci\u00f3ns","description":"Calefacci\u00f3n, fontaner\u00eda, climatizaci\u00f3n, renovables","publisher":{"@id":"https:\/\/ecovidainstalacions.es\/gl\/#organization"},"potentialAction":[{"@type":"SearchAction","target":{"@type":"EntryPoint","urlTemplate":"https:\/\/ecovidainstalacions.es\/gl\/?s={search_term_string}"},"query-input":{"@type":"PropertyValueSpecification","valueRequired":true,"valueName":"search_term_string"}}],"inLanguage":"gl-ES"},{"@type":"Organization","@id":"https:\/\/ecovidainstalacions.es\/gl\/#organization","name":"Ecovida Instalaci\u00f3ns","url":"https:\/\/ecovidainstalacions.es\/gl\/","logo":{"@type":"ImageObject","inLanguage":"gl-ES","@id":"https:\/\/ecovidainstalacions.es\/gl\/#\/schema\/logo\/image\/","url":"https:\/\/ecovidainstalacions.es\/wp-content\/uploads\/2024\/07\/Logo-ecovida-fondo-blanco.png","contentUrl":"https:\/\/ecovidainstalacions.es\/wp-content\/uploads\/2024\/07\/Logo-ecovida-fondo-blanco.png","width":1500,"height":700,"caption":"Ecovida Instalaci\u00f3ns"},"image":{"@id":"https:\/\/ecovidainstalacions.es\/gl\/#\/schema\/logo\/image\/"},"sameAs":["https:\/\/www.facebook.com\/profile.php?id=100064154315748"]}]}},"_links":{"self":[{"href":"https:\/\/ecovidainstalacions.es\/gl\/wp-json\/wp\/v2\/pages\/2","targetHints":{"allow":["GET"]}}],"collection":[{"href":"https:\/\/ecovidainstalacions.es\/gl\/wp-json\/wp\/v2\/pages"}],"about":[{"href":"https:\/\/ecovidainstalacions.es\/gl\/wp-json\/wp\/v2\/types\/page"}],"author":[{"embeddable":true,"href":"https:\/\/ecovidainstalacions.es\/gl\/wp-json\/wp\/v2\/users\/1"}],"replies":[{"embeddable":true,"href":"https:\/\/ecovidainstalacions.es\/gl\/wp-json\/wp\/v2\/comments?post=2"}],"version-history":[{"count":3,"href":"https:\/\/ecovidainstalacions.es\/gl\/wp-json\/wp\/v2\/pages\/2\/revisions"}],"predecessor-version":[{"id":1929,"href":"https:\/\/ecovidainstalacions.es\/gl\/wp-json\/wp\/v2\/pages\/2\/revisions\/1929"}],"wp:attachment":[{"href":"https:\/\/ecovidainstalacions.es\/gl\/wp-json\/wp\/v2\/media?parent=2"}],"curies":[{"name":"wp","href":"https:\/\/api.w.org\/{rel}","templated":true}]}}